{"id":269155,"date":"2025-05-19T08:05:19","date_gmt":"2025-05-19T08:05:19","guid":{"rendered":"https:\/\/www.labg.ch\/?page_id=269155"},"modified":"2025-05-19T15:32:19","modified_gmt":"2025-05-19T15:32:19","slug":"legal-notices","status":"publish","type":"page","link":"https:\/\/www.labg.ch\/en\/legal-notices\/","title":{"rendered":"Legal Notices"},"content":{"rendered":"<p>[et_pb_section fb_built=&#8221;1&#8243; custom_padding_last_edited=&#8221;on|tablet&#8221; next_background_color=&#8221;#ffffff&#8221; admin_label=&#8221;Hero&#8221; _builder_version=&#8221;4.17.6&#8243; _module_preset=&#8221;default&#8221; background_color=&#8221;gcid-1cc4e0b2-d5b1-4c99-90f5-cb03d8e9d610&#8243; use_background_color_gradient=&#8221;on&#8221; background_color_gradient_type=&#8221;circular&#8221; background_color_gradient_direction_radial=&#8221;top right&#8221; background_color_gradient_stops=&#8221;rgba(255,255,255,0) 20%|gcid-aa636b62-69ea-469e-ba92-32e6e13b913a 100%&#8221; background_color_gradient_overlays_image=&#8221;on&#8221; background_color_gradient_start=&#8221;rgba(255,255,255,0)&#8221; background_color_gradient_start_position=&#8221;20%&#8221; background_color_gradient_end=&#8221;rgba(1,77,183,0.9)&#8221; background_enable_image=&#8221;off&#8221; background_video_mp4=&#8221;https:\/\/labg.ch\/wp-content\/uploads\/2022\/07\/1014478793-4k.mp4&#8243; allow_player_pause=&#8221;on&#8221; custom_padding=&#8221;110px|0px|160px|0px|false|false&#8221; custom_padding_tablet=&#8221;50px||50px||true&#8221; custom_padding_phone=&#8221;|||&#8221; bottom_divider_style=&#8221;asymmetric2&#8243; bottom_divider_height=&#8221;130px&#8221; bottom_divider_flip=&#8221;horizontal&#8221; bottom_divider_height_tablet=&#8221;90px&#8221; bottom_divider_height_phone=&#8221;80px&#8221; global_colors_info=&#8221;{%22gcid-aa636b62-69ea-469e-ba92-32e6e13b913a%22:%91%22background_color_gradient_stops%22%93,%22gcid-1cc4e0b2-d5b1-4c99-90f5-cb03d8e9d610%22:%91%22background_color%22%93}&#8221;][et_pb_row _builder_version=&#8221;4.16&#8243; _module_preset=&#8221;default&#8221; min_height=&#8221;152px&#8221; custom_width_px=&#8221;1280px&#8221; global_colors_info=&#8221;{}&#8221;][et_pb_column type=&#8221;4_4&#8243; _builder_version=&#8221;4.16&#8243; _module_preset=&#8221;default&#8221; custom_padding=&#8221;|||&#8221; global_colors_info=&#8221;{}&#8221; custom_padding__hover=&#8221;|||&#8221;][et_pb_text _builder_version=&#8221;4.27.4&#8243; _module_preset=&#8221;default&#8221; text_font=&#8221;|800|||||||&#8221; text_text_color=&#8221;#000000&#8243; text_font_size=&#8221;4vw&#8221; text_line_height=&#8221;5vw&#8221; header_text_color=&#8221;#FFFFFF&#8221; header_font_size=&#8221;64px&#8221; custom_margin=&#8221;65px||||false|false&#8221; text_font_size_tablet=&#8221;7vw&#8221; text_font_size_phone=&#8221;9vw&#8221; text_font_size_last_edited=&#8221;on|phone&#8221; text_line_height_tablet=&#8221;7.6vw&#8221; text_line_height_phone=&#8221;1.3em&#8221; text_line_height_last_edited=&#8221;on|desktop&#8221; header_font_size_tablet=&#8221;48px&#8221; header_font_size_phone=&#8221;36px&#8221; header_font_size_last_edited=&#8221;on|phone&#8221; header_text_shadow_style=&#8221;preset3&#8243; global_colors_info=&#8221;{}&#8221;]<\/p>\n<h1>Legal notices<\/h1>\n<p>[\/et_pb_text][\/et_pb_column][\/et_pb_row][\/et_pb_section][et_pb_section fb_built=&#8221;1&#8243; _builder_version=&#8221;4.17.6&#8243; _module_preset=&#8221;default&#8221; custom_padding=&#8221;3px||2px|||&#8221; global_colors_info=&#8221;{}&#8221;][et_pb_row _builder_version=&#8221;4.17.6&#8243; _module_preset=&#8221;default&#8221; custom_padding=&#8221;||43px|||&#8221; global_colors_info=&#8221;{}&#8221;][et_pb_column type=&#8221;4_4&#8243; _builder_version=&#8221;4.17.6&#8243; _module_preset=&#8221;default&#8221; global_colors_info=&#8221;{}&#8221;][et_pb_text _builder_version=&#8221;4.27.4&#8243; _module_preset=&#8221;default&#8221; text_font=&#8221;Sansation||||||||&#8221; text_font_size=&#8221;17px&#8221; text_line_height=&#8221;1.6em&#8221; header_2_font=&#8221;|600|||||||&#8221; header_2_text_color=&#8221;#377877&#8243; hover_enabled=&#8221;0&#8243; global_colors_info=&#8221;{}&#8221; sticky_enabled=&#8221;0&#8243;]<\/p>\n<h2>This website is published by<\/h2>\n<p><strong>LabG S\u00e0rl C\/O CBC-L S\u00e0rl<\/strong><\/p>\n<p><strong><\/strong><\/p>\n<h2>Editor and Publication Director<\/h2>\n<p>Mountaga TRAOR\u00c9 DIT LABAR\u00c8RE<\/p>\n<h2><\/h2>\n<h2><\/h2>\n<h2>Address \u2013 Headquarters<\/h2>\n<p><span><strong> LabG S\u00e0rl C\/O CBC-L S\u00e0rl<br \/><\/strong><\/span><span>Rue du Simplon 37<\/span><br \/><span>1006 Lausanne<\/span><\/p>\n<h2><\/h2>\n<h2>Website Hosting<\/h2>\n<p><strong>OVH<\/strong><br \/><span>2, rue Kellermann,<\/span><br \/><span>59100 Roubaix<\/span><br \/>France<\/p>\n<p>&nbsp;<\/p>\n<h2><\/h2>\n<h2>Contact<\/h2>\n<p>Contact form: https:\/\/www.labg.ch\/contact\/<\/p>\n<h2><\/h2>\n<p>&nbsp;<\/p>\n<p>[\/et_pb_text][\/et_pb_column][\/et_pb_row][\/et_pb_section]<\/p>\n","protected":false},"excerpt":{"rendered":"<p>Legal noticesThis website is published by LabG S\u00e0rl C\/O CBC-L S\u00e0rl Editor and Publication Director Mountaga TRAOR\u00c9 DIT LABAR\u00c8RE Address \u2013 Headquarters LabG S\u00e0rl C\/O CBC-L S\u00e0rlRue du Simplon 371006 Lausanne Website Hosting OVH2, rue Kellermann,59100 RoubaixFrance &nbsp; Contact Contact form: https:\/\/www.labg.ch\/contact\/ &nbsp;<\/p>\n","protected":false},"author":5,"featured_media":0,"parent":0,"menu_order":0,"comment_status":"closed","ping_status":"closed","template":"","meta":{"_et_pb_use_builder":"on","_et_pb_old_content":"","_et_gb_content_width":"","footnotes":""},"class_list":["post-269155","page","type-page","status-publish","hentry"],"yoast_head":"<!-- This site is optimized with the Yoast SEO Premium plugin v26.5 (Yoast SEO v27.4) - https:\/\/yoast.com\/product\/yoast-seo-premium-wordpress\/ -->\n<title>Legal Notices - LabG<\/title>\n<meta name=\"robots\" content=\"index, follow, max-snippet:-1, max-image-preview:large, max-video-preview:-1\" \/>\n<link rel=\"canonical\" href=\"https:\/\/www.labg.ch\/en\/legal-notices\/\" \/>\n<meta property=\"og:locale\" content=\"en_US\" \/>\n<meta property=\"og:type\" content=\"article\" \/>\n<meta property=\"og:title\" content=\"Legal Notices\" \/>\n<meta property=\"og:description\" content=\"Legal noticesThis website is published by LabG S\u00e0rl C\/O CBC-L S\u00e0rl Editor and Publication Director Mountaga TRAOR\u00c9 DIT LABAR\u00c8RE Address \u2013 Headquarters LabG S\u00e0rl C\/O CBC-L S\u00e0rlRue du Simplon 371006 Lausanne Website Hosting OVH2, rue Kellermann,59100 RoubaixFrance &nbsp; Contact Contact form: https:\/\/www.labg.ch\/contact\/ &nbsp;\" \/>\n<meta property=\"og:url\" content=\"https:\/\/www.labg.ch\/en\/legal-notices\/\" \/>\n<meta property=\"og:site_name\" content=\"LabG\" \/>\n<meta property=\"article:modified_time\" content=\"2025-05-19T15:32:19+00:00\" \/>\n<meta name=\"twitter:card\" content=\"summary_large_image\" \/>\n<script type=\"application\/ld+json\" class=\"yoast-schema-graph\">{\"@context\":\"https:\\\/\\\/schema.org\",\"@graph\":[{\"@type\":\"WebPage\",\"@id\":\"https:\\\/\\\/www.labg.ch\\\/en\\\/legal-notices\\\/\",\"url\":\"https:\\\/\\\/www.labg.ch\\\/en\\\/legal-notices\\\/\",\"name\":\"Legal Notices - LabG\",\"isPartOf\":{\"@id\":\"https:\\\/\\\/www.labg.ch\\\/en\\\/#website\"},\"datePublished\":\"2025-05-19T08:05:19+00:00\",\"dateModified\":\"2025-05-19T15:32:19+00:00\",\"breadcrumb\":{\"@id\":\"https:\\\/\\\/www.labg.ch\\\/en\\\/legal-notices\\\/#breadcrumb\"},\"inLanguage\":\"en-US\",\"potentialAction\":[{\"@type\":\"ReadAction\",\"target\":[\"https:\\\/\\\/www.labg.ch\\\/en\\\/legal-notices\\\/\"]}]},{\"@type\":\"BreadcrumbList\",\"@id\":\"https:\\\/\\\/www.labg.ch\\\/en\\\/legal-notices\\\/#breadcrumb\",\"itemListElement\":[{\"@type\":\"ListItem\",\"position\":1,\"name\":\"Home\",\"item\":\"https:\\\/\\\/www.labg.ch\\\/en\\\/\"},{\"@type\":\"ListItem\",\"position\":2,\"name\":\"Legal Notices\"}]},{\"@type\":\"WebSite\",\"@id\":\"https:\\\/\\\/www.labg.ch\\\/en\\\/#website\",\"url\":\"https:\\\/\\\/www.labg.ch\\\/en\\\/\",\"name\":\"LabG\",\"description\":\"Laboratories &amp; Global Consulting\",\"publisher\":{\"@id\":\"https:\\\/\\\/www.labg.ch\\\/en\\\/#organization\"},\"potentialAction\":[{\"@type\":\"SearchAction\",\"target\":{\"@type\":\"EntryPoint\",\"urlTemplate\":\"https:\\\/\\\/www.labg.ch\\\/en\\\/?s={search_term_string}\"},\"query-input\":{\"@type\":\"PropertyValueSpecification\",\"valueRequired\":true,\"valueName\":\"search_term_string\"}}],\"inLanguage\":\"en-US\"},{\"@type\":\"Organization\",\"@id\":\"https:\\\/\\\/www.labg.ch\\\/en\\\/#organization\",\"name\":\"LabG\",\"url\":\"https:\\\/\\\/www.labg.ch\\\/en\\\/\",\"logo\":{\"@type\":\"ImageObject\",\"inLanguage\":\"en-US\",\"@id\":\"https:\\\/\\\/www.labg.ch\\\/en\\\/#\\\/schema\\\/logo\\\/image\\\/\",\"url\":\"https:\\\/\\\/labg.ch\\\/wp-content\\\/uploads\\\/2022\\\/12\\\/logo-ss-titre-color-1.png\",\"contentUrl\":\"https:\\\/\\\/labg.ch\\\/wp-content\\\/uploads\\\/2022\\\/12\\\/logo-ss-titre-color-1.png\",\"width\":1273,\"height\":552,\"caption\":\"LabG\"},\"image\":{\"@id\":\"https:\\\/\\\/www.labg.ch\\\/en\\\/#\\\/schema\\\/logo\\\/image\\\/\"},\"sameAs\":[\"https:\\\/\\\/www.linkedin.com\\\/company\\\/labg-consulting\"]}]}<\/script>\n<!-- \/ Yoast SEO Premium plugin. -->","yoast_head_json":{"title":"Legal Notices - LabG","robots":{"index":"index","follow":"follow","max-snippet":"max-snippet:-1","max-image-preview":"max-image-preview:large","max-video-preview":"max-video-preview:-1"},"canonical":"https:\/\/www.labg.ch\/en\/legal-notices\/","og_locale":"en_US","og_type":"article","og_title":"Legal Notices","og_description":"Legal noticesThis website is published by LabG S\u00e0rl C\/O CBC-L S\u00e0rl Editor and Publication Director Mountaga TRAOR\u00c9 DIT LABAR\u00c8RE Address \u2013 Headquarters LabG S\u00e0rl C\/O CBC-L S\u00e0rlRue du Simplon 371006 Lausanne Website Hosting OVH2, rue Kellermann,59100 RoubaixFrance &nbsp; Contact Contact form: https:\/\/www.labg.ch\/contact\/ &nbsp;","og_url":"https:\/\/www.labg.ch\/en\/legal-notices\/","og_site_name":"LabG","article_modified_time":"2025-05-19T15:32:19+00:00","twitter_card":"summary_large_image","schema":{"@context":"https:\/\/schema.org","@graph":[{"@type":"WebPage","@id":"https:\/\/www.labg.ch\/en\/legal-notices\/","url":"https:\/\/www.labg.ch\/en\/legal-notices\/","name":"Legal Notices - LabG","isPartOf":{"@id":"https:\/\/www.labg.ch\/en\/#website"},"datePublished":"2025-05-19T08:05:19+00:00","dateModified":"2025-05-19T15:32:19+00:00","breadcrumb":{"@id":"https:\/\/www.labg.ch\/en\/legal-notices\/#breadcrumb"},"inLanguage":"en-US","potentialAction":[{"@type":"ReadAction","target":["https:\/\/www.labg.ch\/en\/legal-notices\/"]}]},{"@type":"BreadcrumbList","@id":"https:\/\/www.labg.ch\/en\/legal-notices\/#breadcrumb","itemListElement":[{"@type":"ListItem","position":1,"name":"Home","item":"https:\/\/www.labg.ch\/en\/"},{"@type":"ListItem","position":2,"name":"Legal Notices"}]},{"@type":"WebSite","@id":"https:\/\/www.labg.ch\/en\/#website","url":"https:\/\/www.labg.ch\/en\/","name":"LabG","description":"Laboratories &amp; Global Consulting","publisher":{"@id":"https:\/\/www.labg.ch\/en\/#organization"},"potentialAction":[{"@type":"SearchAction","target":{"@type":"EntryPoint","urlTemplate":"https:\/\/www.labg.ch\/en\/?s={search_term_string}"},"query-input":{"@type":"PropertyValueSpecification","valueRequired":true,"valueName":"search_term_string"}}],"inLanguage":"en-US"},{"@type":"Organization","@id":"https:\/\/www.labg.ch\/en\/#organization","name":"LabG","url":"https:\/\/www.labg.ch\/en\/","logo":{"@type":"ImageObject","inLanguage":"en-US","@id":"https:\/\/www.labg.ch\/en\/#\/schema\/logo\/image\/","url":"https:\/\/labg.ch\/wp-content\/uploads\/2022\/12\/logo-ss-titre-color-1.png","contentUrl":"https:\/\/labg.ch\/wp-content\/uploads\/2022\/12\/logo-ss-titre-color-1.png","width":1273,"height":552,"caption":"LabG"},"image":{"@id":"https:\/\/www.labg.ch\/en\/#\/schema\/logo\/image\/"},"sameAs":["https:\/\/www.linkedin.com\/company\/labg-consulting"]}]}},"_links":{"self":[{"href":"https:\/\/www.labg.ch\/en\/wp-json\/wp\/v2\/pages\/269155","targetHints":{"allow":["GET"]}}],"collection":[{"href":"https:\/\/www.labg.ch\/en\/wp-json\/wp\/v2\/pages"}],"about":[{"href":"https:\/\/www.labg.ch\/en\/wp-json\/wp\/v2\/types\/page"}],"author":[{"embeddable":true,"href":"https:\/\/www.labg.ch\/en\/wp-json\/wp\/v2\/users\/5"}],"replies":[{"embeddable":true,"href":"https:\/\/www.labg.ch\/en\/wp-json\/wp\/v2\/comments?post=269155"}],"version-history":[{"count":9,"href":"https:\/\/www.labg.ch\/en\/wp-json\/wp\/v2\/pages\/269155\/revisions"}],"predecessor-version":[{"id":269174,"href":"https:\/\/www.labg.ch\/en\/wp-json\/wp\/v2\/pages\/269155\/revisions\/269174"}],"wp:attachment":[{"href":"https:\/\/www.labg.ch\/en\/wp-json\/wp\/v2\/media?parent=269155"}],"curies":[{"name":"wp","href":"https:\/\/api.w.org\/{rel}","templated":true}]}}